{"id":33412,"date":"2024-05-17T06:46:25","date_gmt":"2024-05-17T06:46:25","guid":{"rendered":"https:\/\/beta.pustevny.cz\/stanowiska-pracy\/"},"modified":"2024-11-05T10:48:11","modified_gmt":"2024-11-05T10:48:11","slug":"stanowiska-pracy","status":"publish","type":"page","link":"https:\/\/pustevny.cz\/pl\/stanowiska-pracy\/","title":{"rendered":"Stanowiska pracy."},"content":{"rendered":"\t\t<div data-elementor-type=\"wp-page\" data-elementor-id=\"33412\" class=\"elementor elementor-33412 elementor-27252\">\n\t\t\t\t\t\t<section class=\"elementor-section elementor-top-section elementor-element elementor-element-4de7fa90 elementor-section-stretched elementor-section-boxed elementor-section-height-default elementor-section-height-default sc_fly_static\" data-id=\"4de7fa90\" data-element_type=\"section\" data-settings=\"{&quot;stretch_section&quot;:&quot;section-stretched&quot;,&quot;background_background&quot;:&quot;classic&quot;}\">\n\t\t\t\t\t\t<div class=\"elementor-container elementor-column-gap-extended\">\n\t\t\t\t\t<div class=\"elementor-column elementor-col-100 elementor-top-column elementor-element elementor-element-17d187 sc_content_align_inherit sc_layouts_column_icons_position_left sc_fly_static\" data-id=\"17d187\" data-element_type=\"column\">\n\t\t\t<div class=\"elementor-widget-wrap elementor-element-populated\">\n\t\t\t\t\t\t<section class=\"elementor-section-with-custom-width elementor-section elementor-inner-section elementor-element elementor-element-5ab8b4f1 elementor-section-boxed elementor-section-height-default elementor-section-height-default sc_fly_static\" data-id=\"5ab8b4f1\" data-element_type=\"section\" data-settings=\"{&quot;background_background&quot;:&quot;classic&quot;}\">\n\t\t\t\t\t\t<div class=\"elementor-container elementor-column-gap-extended\">\n\t\t\t\t\t<div class=\"elementor-column elementor-col-100 elementor-inner-column elementor-element elementor-element-7fe4350 sc_content_align_inherit sc_layouts_column_icons_position_left sc_fly_static\" data-id=\"7fe4350\" data-element_type=\"column\" data-settings=\"{&quot;background_background&quot;:&quot;classic&quot;}\">\n\t\t\t<div class=\"elementor-widget-wrap elementor-element-populated\">\n\t\t\t\t\t\t<div class=\"elementor-element elementor-element-6e9c65d0 sc_fly_static elementor-widget elementor-widget-heading\" data-id=\"6e9c65d0\" data-element_type=\"widget\" data-widget_type=\"heading.default\">\n\t\t\t\t<div class=\"elementor-widget-container\">\n\t\t\t\t\t<h2 class=\"elementor-heading-title elementor-size-default\">Stanowiska pracy.<\/h2>\t\t\t\t<\/div>\n\t\t\t\t<\/div>\n\t\t\t\t\t<\/div>\n\t\t<\/div>\n\t\t\t\t\t<\/div>\n\t\t<\/section>\n\t\t\t\t<section class=\"elementor-section-with-custom-width elementor-section elementor-inner-section elementor-element elementor-element-2165b51b elementor-section-boxed elementor-section-height-default elementor-section-height-default sc_fly_static\" data-id=\"2165b51b\" data-element_type=\"section\">\n\t\t\t\t\t\t<div class=\"elementor-container elementor-column-gap-extended\">\n\t\t\t\t\t<div class=\"elementor-column elementor-col-100 elementor-inner-column elementor-element elementor-element-5b535440 sc_content_align_inherit sc_layouts_column_icons_position_left sc_fly_static\" data-id=\"5b535440\" data-element_type=\"column\">\n\t\t\t<div class=\"elementor-widget-wrap elementor-element-populated\">\n\t\t\t\t\t\t<div class=\"elementor-element elementor-element-431d936a sc_fly_static elementor-widget elementor-widget-heading\" data-id=\"431d936a\" data-element_type=\"widget\" data-widget_type=\"heading.default\">\n\t\t\t\t<div class=\"elementor-widget-container\">\n\t\t\t\t\t<h2 class=\"elementor-heading-title elementor-size-default\">Pracuj na Pustevnach.<\/h2>\t\t\t\t<\/div>\n\t\t\t\t<\/div>\n\t\t\t\t<div class=\"elementor-element elementor-element-7c7ba9fc sc_fly_static elementor-widget elementor-widget-text-editor\" data-id=\"7c7ba9fc\" data-element_type=\"widget\" data-widget_type=\"text-editor.default\">\n\t\t\t\t<div class=\"elementor-widget-container\">\n\t\t\t\t\t\t\t\t\t<p>Szukasz nowej pracy lub dorywczej? Do\u0142\u0105cz do nas! <\/p>\n\t\t\t\t\t\t\t\t<\/div>\n\t\t\t\t<\/div>\n\t\t\t\t\t<\/div>\n\t\t<\/div>\n\t\t\t\t\t<\/div>\n\t\t<\/section>\n\t\t\t\t<div data-animation-type=\"block\" class=\"elementor-element elementor-element-a3fc4ab elementor-view-default animation_type_block sc_fly_static elementor-invisible elementor-widget elementor-widget-icon\" data-id=\"a3fc4ab\" data-element_type=\"widget\" data-settings=\"{&quot;_animation&quot;:&quot;bounce&quot;}\" data-widget_type=\"icon.default\">\n\t\t\t\t<div class=\"elementor-widget-container\">\n\t\t\t\t\t\t\t<div class=\"elementor-icon-wrapper\">\n\t\t\t<a class=\"elementor-icon\" href=\"#pracovnipozice\">\n\t\t\t<i aria-hidden=\"true\" class=\"fas fa-angle-down\"><\/i>\t\t\t<\/a>\n\t\t<\/div>\n\t\t\t\t\t\t<\/div>\n\t\t\t\t<\/div>\n\t\t\t\t<div class=\"elementor-element elementor-element-f43f287 sc_fly_static elementor-widget elementor-widget-menu-anchor\" data-id=\"f43f287\" data-element_type=\"widget\" data-widget_type=\"menu-anchor.default\">\n\t\t\t\t<div class=\"elementor-widget-container\">\n\t\t\t\t\t\t\t<div class=\"elementor-menu-anchor\" id=\"stanowiskapracy\"><\/div>\n\t\t\t\t\t\t<\/div>\n\t\t\t\t<\/div>\n\t\t\t\t\t<\/div>\n\t\t<\/div>\n\t\t\t\t\t<\/div>\n\t\t<\/section>\n\t\t\t\t<section class=\"elementor-section elementor-top-section elementor-element elementor-element-4623ae8a elementor-section-boxed elementor-section-height-default elementor-section-height-default sc_fly_static\" data-id=\"4623ae8a\" data-element_type=\"section\">\n\t\t\t\t\t\t<div class=\"elementor-container elementor-column-gap-extended\">\n\t\t\t\t\t<div class=\"elementor-column elementor-col-100 elementor-top-column elementor-element elementor-element-3d74c568 sc_content_align_inherit sc_layouts_column_icons_position_left sc_fly_static\" data-id=\"3d74c568\" data-element_type=\"column\">\n\t\t\t<div class=\"elementor-widget-wrap elementor-element-populated\">\n\t\t\t\t\t\t<div class=\"elementor-element elementor-element-b1d1138 sc_fly_static elementor-widget elementor-widget-heading\" data-id=\"b1d1138\" data-element_type=\"widget\" data-widget_type=\"heading.default\">\n\t\t\t\t<div class=\"elementor-widget-container\">\n\t\t\t\t\t<h2 class=\"elementor-heading-title elementor-size-default\">Wolne miejsca.<\/h2>\t\t\t\t<\/div>\n\t\t\t\t<\/div>\n\t\t\t\t\t<\/div>\n\t\t<\/div>\n\t\t\t\t\t<\/div>\n\t\t<\/section>\n\t\t\t\t<section class=\"elementor-section elementor-top-section elementor-element elementor-element-b4e2716 elementor-section-boxed elementor-section-height-default elementor-section-height-default sc_fly_static\" data-id=\"b4e2716\" data-element_type=\"section\">\n\t\t\t\t\t\t<div class=\"elementor-container elementor-column-gap-extended\">\n\t\t\t\t\t<div class=\"elementor-column elementor-col-33 elementor-top-column elementor-element elementor-element-6e7248f sc_content_align_inherit sc_layouts_column_icons_position_left sc_fly_static\" data-id=\"6e7248f\" data-element_type=\"column\">\n\t\t\t<div class=\"elementor-widget-wrap\">\n\t\t\t\t\t\t\t<\/div>\n\t\t<\/div>\n\t\t\t\t<div class=\"elementor-column elementor-col-33 elementor-top-column elementor-element elementor-element-2ae77e9 sc_content_align_inherit sc_layouts_column_icons_position_left sc_fly_static\" data-id=\"2ae77e9\" data-element_type=\"column\" data-settings=\"{&quot;background_background&quot;:&quot;classic&quot;}\">\n\t\t\t<div class=\"elementor-widget-wrap elementor-element-populated\">\n\t\t\t\t\t\t<div class=\"elementor-element elementor-element-7684b95 sc_fly_static elementor-widget elementor-widget-text-editor\" data-id=\"7684b95\" data-element_type=\"widget\" data-widget_type=\"text-editor.default\">\n\t\t\t\t<div class=\"elementor-widget-container\">\n\t\t\t\t\t\t\t\t\t<p style=\"text-align: center; margin-bottom: 12px;\">Szukasz pracy w gastronomii, ale nie chcesz sp\u0119dza\u0107 ka\u017cdego wieczoru w pracy? Lubisz przyrod\u0119 i g\u00f3ry? Mamy dla Ciebie idealne oferty pracy!  <\/p>\n<p style=\"text-align: center; margin-bottom: 12px;\">U nas masz regularne godziny pracy, kt\u00f3re ko\u0144cz\u0105 si\u0119 p\u00f3\u017anym popo\u0142udniem! Do pracy mo\u017cesz doje\u017cd\u017ca\u0107 kolejk\u0105 linow\u0105, naszym autobusem narciarskim lub rozpocz\u0105\u0107 dzie\u0144 od w\u0119dr\u00f3wki i doj\u015b\u0107 pieszo. <\/p>\n<p style=\"text-align: center; margin-bottom: 12px;\">Mo\u017cesz u nas pracowa\u0107 na sta\u0142e, dorywczo, w niepe\u0142nym wymiarze godzin lub na pe\u0142ny etat.<\/p>\n<p style=\"text-align: center;\">Do\u0142\u0105cz do nas i umilaj turystom dzie\u0144 swoim u\u015bmiechem!<\/p>\n<p><strong>Aktualnie poszukujemy:<\/strong><br \/>pracownika dorywczego, pomocy kuchennej<br \/>kucharza<\/p>\n\t\t\t\t\t\t\t\t<\/div>\n\t\t\t\t<\/div>\n\t\t\t\t\t<\/div>\n\t\t<\/div>\n\t\t\t\t<div class=\"elementor-column elementor-col-33 elementor-top-column elementor-element elementor-element-ac5de2a sc_content_align_inherit sc_layouts_column_icons_position_left sc_fly_static\" data-id=\"ac5de2a\" data-element_type=\"column\" data-settings=\"{&quot;background_background&quot;:&quot;classic&quot;}\">\n\t\t\t<div class=\"elementor-widget-wrap elementor-element-populated\">\n\t\t\t\t\t\t<div class=\"elementor-element elementor-element-ce7023c sc_fly_static elementor-widget elementor-widget-heading\" data-id=\"ce7023c\" data-element_type=\"widget\" data-widget_type=\"heading.default\">\n\t\t\t\t<div class=\"elementor-widget-container\">\n\t\t\t\t\t<h2 class=\"elementor-heading-title elementor-size-default\">Prze\u015blij nam swoje CV.<\/h2>\t\t\t\t<\/div>\n\t\t\t\t<\/div>\n\t\t\t\t<div class=\"elementor-element elementor-element-ff53cc3 sc_fly_static elementor-widget elementor-widget-text-editor\" data-id=\"ff53cc3\" data-element_type=\"widget\" data-widget_type=\"text-editor.default\">\n\t\t\t\t<div class=\"elementor-widget-container\">\n\t\t\t\t\t\t\t\t\t<p>provozni@pustevny.cz<\/p>\n\t\t\t\t\t\t\t\t<\/div>\n\t\t\t\t<\/div>\n\t\t\t\t<div class=\"elementor-element elementor-element-b60cca1 sc_fly_static elementor-widget elementor-widget-heading\" data-id=\"b60cca1\" data-element_type=\"widget\" data-widget_type=\"heading.default\">\n\t\t\t\t<div class=\"elementor-widget-container\">\n\t\t\t\t\t<h2 class=\"elementor-heading-title elementor-size-default\">Szczeg\u00f3\u0142owe informacje.<\/h2>\t\t\t\t<\/div>\n\t\t\t\t<\/div>\n\t\t\t\t<div class=\"elementor-element elementor-element-5a9d1bb sc_fly_static elementor-widget elementor-widget-text-editor\" data-id=\"5a9d1bb\" data-element_type=\"widget\" data-widget_type=\"text-editor.default\">\n\t\t\t\t<div class=\"elementor-widget-container\">\n\t\t\t\t\t\t\t\t\t<p>Tel: +420 775 199 446<\/p>\n\t\t\t\t\t\t\t\t<\/div>\n\t\t\t\t<\/div>\n\t\t\t\t\t<\/div>\n\t\t<\/div>\n\t\t\t\t\t<\/div>\n\t\t<\/section>\n\t\t<div class=\"elementor-element elementor-element-b164004 e-con-full e-flex sc_layouts_column_icons_position_left e-con e-parent\" data-id=\"b164004\" data-element_type=\"container\" data-settings=\"{&quot;position&quot;:&quot;fixed&quot;}\">\n\t\t\t\t<div class=\"elementor-element elementor-element-723556f4 sc_fly_static elementor-widget elementor-widget-image\" data-id=\"723556f4\" data-element_type=\"widget\" data-widget_type=\"image.default\">\n\t\t\t\t<div class=\"elementor-widget-container\">\n\t\t\t\t\t\t\t\t\t\t\t\t\t\t\t<img fetchpriority=\"high\" decoding=\"async\" width=\"1920\" height=\"1080\" src=\"https:\/\/pustevny.cz\/wp-content\/uploads\/2024\/05\/Navrh-bez-nazvu-2.webp\" class=\"attachment-2048x2048 size-2048x2048 wp-image-27345\" alt=\"\" srcset=\"https:\/\/pustevny.cz\/wp-content\/uploads\/2024\/05\/Navrh-bez-nazvu-2.webp 1920w, https:\/\/pustevny.cz\/wp-content\/uploads\/2024\/05\/Navrh-bez-nazvu-2-300x169.webp 300w, https:\/\/pustevny.cz\/wp-content\/uploads\/2024\/05\/Navrh-bez-nazvu-2-1024x576.webp 1024w, https:\/\/pustevny.cz\/wp-content\/uploads\/2024\/05\/Navrh-bez-nazvu-2-768x432.webp 768w, https:\/\/pustevny.cz\/wp-content\/uploads\/2024\/05\/Navrh-bez-nazvu-2-1536x864.webp 1536w, https:\/\/pustevny.cz\/wp-content\/uploads\/2024\/05\/Navrh-bez-nazvu-2-370x208.webp 370w, https:\/\/pustevny.cz\/wp-content\/uploads\/2024\/05\/Navrh-bez-nazvu-2-1290x725.webp 1290w, https:\/\/pustevny.cz\/wp-content\/uploads\/2024\/05\/Navrh-bez-nazvu-2-840x473.webp 840w, https:\/\/pustevny.cz\/wp-content\/uploads\/2024\/05\/Navrh-bez-nazvu-2-410x231.webp 410w, https:\/\/pustevny.cz\/wp-content\/uploads\/2024\/05\/Navrh-bez-nazvu-2-200x113.webp 200w, https:\/\/pustevny.cz\/wp-content\/uploads\/2024\/05\/Navrh-bez-nazvu-2-270x152.webp 270w\" sizes=\"(max-width: 1920px) 100vw, 1920px\" \/>\t\t\t\t\t\t\t\t\t\t\t\t\t\t\t<\/div>\n\t\t\t\t<\/div>\n\t\t\t\t<\/div>\n\t\t\t\t<\/div>\n\t\t","protected":false},"excerpt":{"rendered":"<p>Stanowiska pracy. Pracuj na Pustevnach. Szukasz nowej pracy lub dorywczej? Do\u0142\u0105cz do nas! Wolne miejsca. Szukasz pracy w gastronomii, ale nie chcesz sp\u0119dza\u0107 ka\u017cdego wieczoru w pracy? Lubisz przyrod\u0119 i&hellip;<\/p>\n","protected":false},"author":2,"featured_media":0,"parent":0,"menu_order":0,"comment_status":"closed","ping_status":"closed","template":"","meta":{"footnotes":""},"class_list":["post-33412","page","type-page","status-publish","hentry"],"yoast_head":"<!-- This site is optimized with the Yoast SEO plugin v25.7 - https:\/\/yoast.com\/wordpress\/plugins\/seo\/ -->\n<title>Stanowiska pracy Pustevny - Kariera w sercu Beskid\u00f3w.<\/title>\n<meta name=\"description\" content=\"Szukasz pracy na Pustevnach? Sprawd\u017a aktualne oferty pracy i mo\u017cliwo\u015bci kariery w malowniczym otoczeniu Beskid\u00f3w.\" \/>\n<meta name=\"robots\" content=\"index, follow, max-snippet:-1, max-image-preview:large, max-video-preview:-1\" \/>\n<link rel=\"canonical\" href=\"https:\/\/pustevny.cz\/pracovni-pozice\/\" \/>\n<meta property=\"og:locale\" content=\"pl_PL\" \/>\n<meta property=\"og:type\" content=\"article\" \/>\n<meta property=\"og:title\" content=\"Stanowiska pracy Pustevny - Kariera w sercu Beskid\u00f3w.\" \/>\n<meta property=\"og:description\" content=\"Szukasz pracy na Pustevnach? Sprawd\u017a aktualne oferty pracy i mo\u017cliwo\u015bci kariery w malowniczym otoczeniu Beskid\u00f3w.\" \/>\n<meta property=\"og:url\" content=\"https:\/\/pustevny.cz\/pracovni-pozice\/\" \/>\n<meta property=\"og:site_name\" content=\"Pustevny\" \/>\n<meta property=\"article:modified_time\" content=\"2024-11-05T10:48:11+00:00\" \/>\n<meta property=\"og:image\" content=\"https:\/\/pustevny.cz\/wp-content\/uploads\/2024\/05\/Navrh-bez-nazvu-2.webp\" \/>\n<meta name=\"twitter:card\" content=\"summary_large_image\" \/>\n<meta name=\"twitter:label1\" content=\"Szacowany czas czytania\" \/>\n\t<meta name=\"twitter:data1\" content=\"1 minuta\" \/>\n<script type=\"application\/ld+json\" class=\"yoast-schema-graph\">{\"@context\":\"https:\/\/schema.org\",\"@graph\":[{\"@type\":\"WebPage\",\"@id\":\"https:\/\/pustevny.cz\/pracovni-pozice\/\",\"url\":\"https:\/\/pustevny.cz\/pracovni-pozice\/\",\"name\":\"Stanowiska pracy Pustevny - Kariera w sercu Beskid\u00f3w.\",\"isPartOf\":{\"@id\":\"https:\/\/pustevny.cz\/#website\"},\"primaryImageOfPage\":{\"@id\":\"https:\/\/pustevny.cz\/pracovni-pozice\/#primaryimage\"},\"image\":{\"@id\":\"https:\/\/pustevny.cz\/pracovni-pozice\/#primaryimage\"},\"thumbnailUrl\":\"https:\/\/pustevny.cz\/wp-content\/uploads\/2024\/05\/Navrh-bez-nazvu-2.webp\",\"datePublished\":\"2024-05-17T06:46:25+00:00\",\"dateModified\":\"2024-11-05T10:48:11+00:00\",\"description\":\"Szukasz pracy na Pustevnach? Sprawd\u017a aktualne oferty pracy i mo\u017cliwo\u015bci kariery w malowniczym otoczeniu Beskid\u00f3w.\",\"breadcrumb\":{\"@id\":\"https:\/\/pustevny.cz\/pracovni-pozice\/#breadcrumb\"},\"inLanguage\":\"pl-PL\",\"potentialAction\":[{\"@type\":\"ReadAction\",\"target\":[\"https:\/\/pustevny.cz\/pracovni-pozice\/\"]}]},{\"@type\":\"ImageObject\",\"inLanguage\":\"pl-PL\",\"@id\":\"https:\/\/pustevny.cz\/pracovni-pozice\/#primaryimage\",\"url\":\"https:\/\/pustevny.cz\/wp-content\/uploads\/2024\/05\/Navrh-bez-nazvu-2.webp\",\"contentUrl\":\"https:\/\/pustevny.cz\/wp-content\/uploads\/2024\/05\/Navrh-bez-nazvu-2.webp\"},{\"@type\":\"BreadcrumbList\",\"@id\":\"https:\/\/pustevny.cz\/pracovni-pozice\/#breadcrumb\",\"itemListElement\":[{\"@type\":\"ListItem\",\"position\":1,\"name\":\"Dom\u016f\",\"item\":\"https:\/\/pustevny.cz\/pl\/\"},{\"@type\":\"ListItem\",\"position\":2,\"name\":\"Stanowiska pracy.\"}]},{\"@type\":\"WebSite\",\"@id\":\"https:\/\/pustevny.cz\/#website\",\"url\":\"https:\/\/pustevny.cz\/\",\"name\":\"Pustevny\",\"description\":\"Pustevny\",\"publisher\":{\"@id\":\"https:\/\/pustevny.cz\/#organization\"},\"potentialAction\":[{\"@type\":\"SearchAction\",\"target\":{\"@type\":\"EntryPoint\",\"urlTemplate\":\"https:\/\/pustevny.cz\/?s={search_term_string}\"},\"query-input\":{\"@type\":\"PropertyValueSpecification\",\"valueRequired\":true,\"valueName\":\"search_term_string\"}}],\"inLanguage\":\"pl-PL\"},{\"@type\":\"Organization\",\"@id\":\"https:\/\/pustevny.cz\/#organization\",\"name\":\"Pustevny\",\"url\":\"https:\/\/pustevny.cz\/\",\"logo\":{\"@type\":\"ImageObject\",\"inLanguage\":\"pl-PL\",\"@id\":\"https:\/\/pustevny.cz\/#\/schema\/logo\/image\/\",\"url\":\"https:\/\/pustevny.cz\/wp-content\/uploads\/2024\/04\/Pustevny_logo_2015_horizontal.webp\",\"contentUrl\":\"https:\/\/pustevny.cz\/wp-content\/uploads\/2024\/04\/Pustevny_logo_2015_horizontal.webp\",\"width\":1182,\"height\":262,\"caption\":\"Pustevny\"},\"image\":{\"@id\":\"https:\/\/pustevny.cz\/#\/schema\/logo\/image\/\"}}]}<\/script>\n<!-- \/ Yoast SEO plugin. -->","yoast_head_json":{"title":"Stanowiska pracy Pustevny - Kariera w sercu Beskid\u00f3w.","description":"Szukasz pracy na Pustevnach? Sprawd\u017a aktualne oferty pracy i mo\u017cliwo\u015bci kariery w malowniczym otoczeniu Beskid\u00f3w.","robots":{"index":"index","follow":"follow","max-snippet":"max-snippet:-1","max-image-preview":"max-image-preview:large","max-video-preview":"max-video-preview:-1"},"canonical":"https:\/\/pustevny.cz\/pracovni-pozice\/","og_locale":"pl_PL","og_type":"article","og_title":"Stanowiska pracy Pustevny - Kariera w sercu Beskid\u00f3w.","og_description":"Szukasz pracy na Pustevnach? Sprawd\u017a aktualne oferty pracy i mo\u017cliwo\u015bci kariery w malowniczym otoczeniu Beskid\u00f3w.","og_url":"https:\/\/pustevny.cz\/pracovni-pozice\/","og_site_name":"Pustevny","article_modified_time":"2024-11-05T10:48:11+00:00","og_image":[{"url":"https:\/\/pustevny.cz\/wp-content\/uploads\/2024\/05\/Navrh-bez-nazvu-2.webp","type":"","width":"","height":""}],"twitter_card":"summary_large_image","twitter_misc":{"Szacowany czas czytania":"1 minuta"},"schema":{"@context":"https:\/\/schema.org","@graph":[{"@type":"WebPage","@id":"https:\/\/pustevny.cz\/pracovni-pozice\/","url":"https:\/\/pustevny.cz\/pracovni-pozice\/","name":"Stanowiska pracy Pustevny - Kariera w sercu Beskid\u00f3w.","isPartOf":{"@id":"https:\/\/pustevny.cz\/#website"},"primaryImageOfPage":{"@id":"https:\/\/pustevny.cz\/pracovni-pozice\/#primaryimage"},"image":{"@id":"https:\/\/pustevny.cz\/pracovni-pozice\/#primaryimage"},"thumbnailUrl":"https:\/\/pustevny.cz\/wp-content\/uploads\/2024\/05\/Navrh-bez-nazvu-2.webp","datePublished":"2024-05-17T06:46:25+00:00","dateModified":"2024-11-05T10:48:11+00:00","description":"Szukasz pracy na Pustevnach? Sprawd\u017a aktualne oferty pracy i mo\u017cliwo\u015bci kariery w malowniczym otoczeniu Beskid\u00f3w.","breadcrumb":{"@id":"https:\/\/pustevny.cz\/pracovni-pozice\/#breadcrumb"},"inLanguage":"pl-PL","potentialAction":[{"@type":"ReadAction","target":["https:\/\/pustevny.cz\/pracovni-pozice\/"]}]},{"@type":"ImageObject","inLanguage":"pl-PL","@id":"https:\/\/pustevny.cz\/pracovni-pozice\/#primaryimage","url":"https:\/\/pustevny.cz\/wp-content\/uploads\/2024\/05\/Navrh-bez-nazvu-2.webp","contentUrl":"https:\/\/pustevny.cz\/wp-content\/uploads\/2024\/05\/Navrh-bez-nazvu-2.webp"},{"@type":"BreadcrumbList","@id":"https:\/\/pustevny.cz\/pracovni-pozice\/#breadcrumb","itemListElement":[{"@type":"ListItem","position":1,"name":"Dom\u016f","item":"https:\/\/pustevny.cz\/pl\/"},{"@type":"ListItem","position":2,"name":"Stanowiska pracy."}]},{"@type":"WebSite","@id":"https:\/\/pustevny.cz\/#website","url":"https:\/\/pustevny.cz\/","name":"Pustevny","description":"Pustevny","publisher":{"@id":"https:\/\/pustevny.cz\/#organization"},"potentialAction":[{"@type":"SearchAction","target":{"@type":"EntryPoint","urlTemplate":"https:\/\/pustevny.cz\/?s={search_term_string}"},"query-input":{"@type":"PropertyValueSpecification","valueRequired":true,"valueName":"search_term_string"}}],"inLanguage":"pl-PL"},{"@type":"Organization","@id":"https:\/\/pustevny.cz\/#organization","name":"Pustevny","url":"https:\/\/pustevny.cz\/","logo":{"@type":"ImageObject","inLanguage":"pl-PL","@id":"https:\/\/pustevny.cz\/#\/schema\/logo\/image\/","url":"https:\/\/pustevny.cz\/wp-content\/uploads\/2024\/04\/Pustevny_logo_2015_horizontal.webp","contentUrl":"https:\/\/pustevny.cz\/wp-content\/uploads\/2024\/04\/Pustevny_logo_2015_horizontal.webp","width":1182,"height":262,"caption":"Pustevny"},"image":{"@id":"https:\/\/pustevny.cz\/#\/schema\/logo\/image\/"}}]}},"_links":{"self":[{"href":"https:\/\/pustevny.cz\/pl\/wp-json\/wp\/v2\/pages\/33412","targetHints":{"allow":["GET"]}}],"collection":[{"href":"https:\/\/pustevny.cz\/pl\/wp-json\/wp\/v2\/pages"}],"about":[{"href":"https:\/\/pustevny.cz\/pl\/wp-json\/wp\/v2\/types\/page"}],"author":[{"embeddable":true,"href":"https:\/\/pustevny.cz\/pl\/wp-json\/wp\/v2\/users\/2"}],"replies":[{"embeddable":true,"href":"https:\/\/pustevny.cz\/pl\/wp-json\/wp\/v2\/comments?post=33412"}],"version-history":[{"count":1,"href":"https:\/\/pustevny.cz\/pl\/wp-json\/wp\/v2\/pages\/33412\/revisions"}],"predecessor-version":[{"id":33413,"href":"https:\/\/pustevny.cz\/pl\/wp-json\/wp\/v2\/pages\/33412\/revisions\/33413"}],"wp:attachment":[{"href":"https:\/\/pustevny.cz\/pl\/wp-json\/wp\/v2\/media?parent=33412"}],"curies":[{"name":"wp","href":"https:\/\/api.w.org\/{rel}","templated":true}]}}